{"id":5,"date":"2017-12-05T12:42:52","date_gmt":"2017-12-05T11:42:52","guid":{"rendered":"https:\/\/www.helenevonbismarck.com\/?page_id=5"},"modified":"2026-02-23T23:09:12","modified_gmt":"2026-02-23T22:09:12","slug":"cv","status":"publish","type":"page","link":"https:\/\/www.helenevonbismarck.com\/de\/cv\/","title":{"rendered":"CV"},"content":{"rendered":"<div class=\"wpb-content-wrapper\"><p>[vc_row css_animation=&#8220;&#8220; row_type=&#8220;row&#8220; use_row_as_full_screen_section=&#8220;no&#8220; type=&#8220;grid&#8220; angled_section=&#8220;no&#8220; text_align=&#8220;left&#8220; background_image_as_pattern=&#8220;without_pattern&#8220; anchor=&#8220;talks&#8220; z_index=&#8220;&#8220; css=&#8220;.vc_custom_1513131889192{padding-top: 40px !important;padding-bottom: 60px !important;}&#8220;][vc_column][vc_column_text]<\/p>\n<h1>CV<\/h1>\n<p>[\/vc_column_text][vc_empty_space][vc_row_inner row_type=&#8220;row&#8220; type=&#8220;full_width&#8220; text_align=&#8220;left&#8220; css_animation=&#8220;&#8220;][vc_column_inner width=&#8220;2\/3&#8243;][vc_column_text]Helene von Bismarck wurde in Br\u00fcssel als Kind deutscher Eltern geboren und wuchs in Russland, Deutschland und Belgien auf. Nach ihrem europ\u00e4ischen Baccalaureat und einem Sabbatical in Italien studierte sie Geschichte und Politik an der Ludwig-Maximilians-Universit\u00e4t in M\u00fcnchen und der Humboldt-Universit\u00e4t zu Berlin. Seit 2004 ist sie ein sehr h\u00e4ufiger Gast im Vereinigten K\u00f6nigreich, wo sie in den National Archives in Kew bei London forscht, an Konferenzen teilnimmt und ihre Arbeit in den britischen Medien einbringt.<\/p>\n<p>Von 2006 bis 2007 arbeitete Helene von Bismarck als wissenschaftliche Mitarbeiterin am Lehrstuhl f\u00fcr Westeurop\u00e4ische Geschichte der Humboldt-Universit\u00e4t. Danach gewann sie ein Graduiertenstipendium der Konrad-Adenauer-Stiftung. 2011 wurde sie an der Humboldt-Universit\u00e4t magna cum laude promoviert.<\/p>\n<p>Ihr erstes <a href=\"https:\/\/www.helenevonbismarck.com\/de\/buecher\/\">Buch<\/a>, eine Monographie mit dem Titel <em>Conceptions of Informal Empire: British Policy in the Persian Gulf, 1961-1968<\/em> erschien 2013 in englischer Sprache bei Palgrave Macmillan. 2019 erschien eine kurze Geschichte der britisch-deutschen K\u00f6nigswinter Konferenzen.<\/p>\n<p>2015 bis 2022 war sie Mitglied des Vorstands der <em><a href=\"http:\/\/www.britishscholar.org\" target=\"_blank\" rel=\"noopener\">British Scholar Society<\/a><\/em> , eine gemeinn\u00fctzige internationale Organisation von Historikern, die sich mit Gro\u00dfbritanniens Rolle in der Welt befassen. Im Februar 2018 wurde Helene von Bismarck in Anerkennung ihres Beitrags zur historischen Forschung von der <em>Royal Historical Society<\/em> zum Fellow (F.R.Hist.S.) ernannt. Seit 2021 ist sie Visiting Research Fellow am Centre for British Politics and Government des <em>King&#8217;s College<\/em> in London. Im selben Jahr wurde Mitglied des European Security Advisory Boards am <em>Royal United Services Institute (RUSI)<\/em>. Im November 2023 wurde sie vom <em>RUSI<\/em> zum Senior Associate Fellow ernannt.<\/p>\n<p>Helene von Bismarcks <a href=\"https:\/\/www.helenevonbismarck.com\/de\/artikel\/#essays\">Essays<\/a> zur britischen Au\u00dfen- und Sicherheitspolitik, dem Brexit, dem Populismus, den deutsch-britischen Beziehungen, der deutschen Au\u00dfenpolitik, der Dekolonisation, der Persischen Golfregion und der Rolle von Geschichte und Erinnerung in den internationalen Beziehungen wurden u.a. von <em>Foreign Policy, The Guardian, The Times Red Box, Financial Times, Frankfurter Allgemeine Zeitung, <\/em><em>Die Zeit, Republik Magazin, <\/em>und dem <em>Tagesspiegel <\/em>ver\u00f6ffentlicht. Sie hat auch Kommentare und Artikel f\u00fcr Thinktanks und akademische Institute wie die <em>K\u00f6rber-Stiftung<\/em>, <em>History &amp; Policy<\/em>, das <em>Imperial and Global Forum<\/em>, <em>The UK in a Changing EU<\/em> und die <em>Britain and the World<\/em> verfasst.<\/p>\n<p>Helene von Bismarck kommentiert h\u00e4ufig die internationalen Beziehungen in Radio und Fernsehen. Sie arbeitet regelm\u00e4\u00dfig f\u00fcr die <em>Weekend Show<\/em> des <em>BBC World Service<\/em> als Kommentatorin, und ist vom Deutschlandfunk, BBC Radio Four und Channel Four News interviewt worden. Sie hat Podcasts mit der K\u00f6rber-Stiftung und der Chatham House Undercurrent Series aufgenommen. Sie hatte Fernsehauftritte beim ZDF, der Deutschen Welle, den BBC World News und Channel Four News.<\/p>\n<p>Ihre <a href=\"https:\/\/www.helenevonbismarck.com\/de\/vortraege\/#gastvorlesung\">Vortragst\u00e4tigkeit<\/a> hat sie nach Gro\u00dfbritannien, Deutschland, Frankreich, Italien, in die USA, die T\u00fcrkei und die Tschechische Republik gef\u00fchrt, und sich u.a. an das Cabinet Office und Chatham House in London und die Deutsch-Britische Gesellschaft in Berlin gerichtet.<\/p>\n<p>Helene von Bismarck hat verschiedene internationale Stipendien gewonnen. Das US National History Center lud sie 2010 ein, als eine von f\u00fcnfzehn jungen Historikern aus der ganzen Welt den Sommer am John W. Kluge Center der Library of Congress in Washington DC zu verbringen, und an einem von der Andrew W. Mellon-Stiftung finanzierten Forschungsseminar zum Thema Dekolonisation teilzunehmen. 2013 erm\u00f6glichte ihr ein Reisestipendium der Society for Historians of American Foreign Relations (SHAFR) einen weiteren Forschungsaufenthalt in Washington DC. Sie hat als peer-reviewer f\u00fcr das das <em>Journal of Imperial and Commonwealth Studies<\/em>, das <em>American Historical Journal<\/em> und <em>Diplomacy and Statecraft<\/em> gearbeitet.<\/p>\n<p>Helene von Bismarck hat zahlreiche Reisen durch Europa, Nord- und Mittelamerika und den Nahen Osten unternommen. Sie spricht Deutsch, Englisch, Franz\u00f6sisch und Italienisch. Sie lebt in Hamburg.[\/vc_column_text][\/vc_column_inner][vc_column_inner width=&#8220;1\/3&#8243;][vc_single_image image=&#8220;1030&#8243; img_size=&#8220;full&#8220; css=&#8220;&#8220; qode_css_animation=&#8220;&#8220;][\/vc_column_inner][\/vc_row_inner][\/vc_column][\/vc_row]<\/p>\n<\/div>","protected":false},"excerpt":{"rendered":"<p>[vc_row css_animation=&#8220;&#8220; row_type=&#8220;row&#8220; use_row_as_full_screen_section=&#8220;no&#8220; type=&#8220;grid&#8220; angled_section=&#8220;no&#8220; text_align=&#8220;left&#8220; background_image_as_pattern=&#8220;without_pattern&#8220; anchor=&#8220;talks&#8220; z_index=&#8220;&#8220; css=&#8220;.vc_custom_1513131889192{padding-top: 40px !important;padding-bottom: 60px !important;}&#8220;][vc_column][vc_column_text] CV [\/vc_column_text][vc_empty_space][vc_row_inner row_type=&#8220;row&#8220; type=&#8220;full_width&#8220; text_align=&#8220;left&#8220; css_animation=&#8220;&#8220;][vc_column_inner width=&#8220;2\/3&#8243;][vc_column_text]Helene von Bismarck wurde in Br\u00fcssel als Kind deutscher Eltern geboren und wuchs in Russland, Deutschland und Belgien auf. Nach ihrem europ\u00e4ischen Baccalaureat und&#8230;<\/p>\n","protected":false},"author":3,"featured_media":0,"parent":0,"menu_order":0,"comment_status":"closed","ping_status":"closed","template":"full_width.php","meta":{"footnotes":""},"class_list":["post-5","page","type-page","status-publish","hentry"],"yoast_head":"<!-- This site is optimized with the Yoast SEO plugin v27.1.1 - https:\/\/yoast.com\/product\/yoast-seo-wordpress\/ -->\n<title>CV - Helene von Bismarck<\/title>\n<meta name=\"robots\" content=\"index, follow, max-snippet:-1, max-image-preview:large, max-video-preview:-1\" \/>\n<link rel=\"canonical\" href=\"https:\/\/www.helenevonbismarck.com\/de\/cv\/\" \/>\n<meta property=\"og:locale\" content=\"de_DE\" \/>\n<meta property=\"og:type\" content=\"article\" \/>\n<meta property=\"og:title\" content=\"CV - Helene von Bismarck\" \/>\n<meta property=\"og:description\" content=\"[vc_row css_animation=&#8220;&#8220; row_type=&#8220;row&#8220; use_row_as_full_screen_section=&#8220;no&#8220; type=&#8220;grid&#8220; angled_section=&#8220;no&#8220; text_align=&#8220;left&#8220; background_image_as_pattern=&#8220;without_pattern&#8220; anchor=&#8220;talks&#8220; z_index=&#8220;&#8220; css=&#8220;.vc_custom_1513131889192{padding-top: 40px !important;padding-bottom: 60px !important;}&#8220;][vc_column][vc_column_text] CV [\/vc_column_text][vc_empty_space][vc_row_inner row_type=&#8220;row&#8220; type=&#8220;full_width&#8220; text_align=&#8220;left&#8220; css_animation=&#8220;&#8220;][vc_column_inner width=&#8220;2\/3&#8243;][vc_column_text]Helene von Bismarck wurde in Br\u00fcssel als Kind deutscher Eltern geboren und wuchs in Russland, Deutschland und Belgien auf. Nach ihrem europ\u00e4ischen Baccalaureat und...\" \/>\n<meta property=\"og:url\" content=\"https:\/\/www.helenevonbismarck.com\/de\/cv\/\" \/>\n<meta property=\"og:site_name\" content=\"Helene von Bismarck\" \/>\n<meta property=\"article:modified_time\" content=\"2026-02-23T22:09:12+00:00\" \/>\n<meta name=\"twitter:card\" content=\"summary_large_image\" \/>\n<meta name=\"twitter:label1\" content=\"Gesch\u00e4tzte Lesezeit\" \/>\n\t<meta name=\"twitter:data1\" content=\"4\u00a0Minuten\" \/>\n<script type=\"application\/ld+json\" class=\"yoast-schema-graph\">{\"@context\":\"https:\/\/schema.org\",\"@graph\":[{\"@type\":\"WebPage\",\"@id\":\"https:\/\/www.helenevonbismarck.com\/de\/cv\/\",\"url\":\"https:\/\/www.helenevonbismarck.com\/de\/cv\/\",\"name\":\"CV - Helene von Bismarck\",\"isPartOf\":{\"@id\":\"https:\/\/www.helenevonbismarck.com\/de\/#website\"},\"datePublished\":\"2017-12-05T11:42:52+00:00\",\"dateModified\":\"2026-02-23T22:09:12+00:00\",\"breadcrumb\":{\"@id\":\"https:\/\/www.helenevonbismarck.com\/de\/cv\/#breadcrumb\"},\"inLanguage\":\"de\",\"potentialAction\":[{\"@type\":\"ReadAction\",\"target\":[\"https:\/\/www.helenevonbismarck.com\/de\/cv\/\"]}]},{\"@type\":\"BreadcrumbList\",\"@id\":\"https:\/\/www.helenevonbismarck.com\/de\/cv\/#breadcrumb\",\"itemListElement\":[{\"@type\":\"ListItem\",\"position\":1,\"name\":\"Startseite\",\"item\":\"https:\/\/www.helenevonbismarck.com\/de\/\"},{\"@type\":\"ListItem\",\"position\":2,\"name\":\"CV\"}]},{\"@type\":\"WebSite\",\"@id\":\"https:\/\/www.helenevonbismarck.com\/de\/#website\",\"url\":\"https:\/\/www.helenevonbismarck.com\/de\/\",\"name\":\"Helene von Bismarck\",\"description\":\"Helene von Bismarck\",\"potentialAction\":[{\"@type\":\"SearchAction\",\"target\":{\"@type\":\"EntryPoint\",\"urlTemplate\":\"https:\/\/www.helenevonbismarck.com\/de\/?s={search_term_string}\"},\"query-input\":{\"@type\":\"PropertyValueSpecification\",\"valueRequired\":true,\"valueName\":\"search_term_string\"}}],\"inLanguage\":\"de\"}]}<\/script>\n<!-- \/ Yoast SEO plugin. -->","yoast_head_json":{"title":"CV - Helene von Bismarck","robots":{"index":"index","follow":"follow","max-snippet":"max-snippet:-1","max-image-preview":"max-image-preview:large","max-video-preview":"max-video-preview:-1"},"canonical":"https:\/\/www.helenevonbismarck.com\/de\/cv\/","og_locale":"de_DE","og_type":"article","og_title":"CV - Helene von Bismarck","og_description":"[vc_row css_animation=&#8220;&#8220; row_type=&#8220;row&#8220; use_row_as_full_screen_section=&#8220;no&#8220; type=&#8220;grid&#8220; angled_section=&#8220;no&#8220; text_align=&#8220;left&#8220; background_image_as_pattern=&#8220;without_pattern&#8220; anchor=&#8220;talks&#8220; z_index=&#8220;&#8220; css=&#8220;.vc_custom_1513131889192{padding-top: 40px !important;padding-bottom: 60px !important;}&#8220;][vc_column][vc_column_text] CV [\/vc_column_text][vc_empty_space][vc_row_inner row_type=&#8220;row&#8220; type=&#8220;full_width&#8220; text_align=&#8220;left&#8220; css_animation=&#8220;&#8220;][vc_column_inner width=&#8220;2\/3&#8243;][vc_column_text]Helene von Bismarck wurde in Br\u00fcssel als Kind deutscher Eltern geboren und wuchs in Russland, Deutschland und Belgien auf. Nach ihrem europ\u00e4ischen Baccalaureat und...","og_url":"https:\/\/www.helenevonbismarck.com\/de\/cv\/","og_site_name":"Helene von Bismarck","article_modified_time":"2026-02-23T22:09:12+00:00","twitter_card":"summary_large_image","twitter_misc":{"Gesch\u00e4tzte Lesezeit":"4\u00a0Minuten"},"schema":{"@context":"https:\/\/schema.org","@graph":[{"@type":"WebPage","@id":"https:\/\/www.helenevonbismarck.com\/de\/cv\/","url":"https:\/\/www.helenevonbismarck.com\/de\/cv\/","name":"CV - Helene von Bismarck","isPartOf":{"@id":"https:\/\/www.helenevonbismarck.com\/de\/#website"},"datePublished":"2017-12-05T11:42:52+00:00","dateModified":"2026-02-23T22:09:12+00:00","breadcrumb":{"@id":"https:\/\/www.helenevonbismarck.com\/de\/cv\/#breadcrumb"},"inLanguage":"de","potentialAction":[{"@type":"ReadAction","target":["https:\/\/www.helenevonbismarck.com\/de\/cv\/"]}]},{"@type":"BreadcrumbList","@id":"https:\/\/www.helenevonbismarck.com\/de\/cv\/#breadcrumb","itemListElement":[{"@type":"ListItem","position":1,"name":"Startseite","item":"https:\/\/www.helenevonbismarck.com\/de\/"},{"@type":"ListItem","position":2,"name":"CV"}]},{"@type":"WebSite","@id":"https:\/\/www.helenevonbismarck.com\/de\/#website","url":"https:\/\/www.helenevonbismarck.com\/de\/","name":"Helene von Bismarck","description":"Helene von Bismarck","potentialAction":[{"@type":"SearchAction","target":{"@type":"EntryPoint","urlTemplate":"https:\/\/www.helenevonbismarck.com\/de\/?s={search_term_string}"},"query-input":{"@type":"PropertyValueSpecification","valueRequired":true,"valueName":"search_term_string"}}],"inLanguage":"de"}]}},"_links":{"self":[{"href":"https:\/\/www.helenevonbismarck.com\/de\/wp-json\/wp\/v2\/pages\/5","targetHints":{"allow":["GET"]}}],"collection":[{"href":"https:\/\/www.helenevonbismarck.com\/de\/wp-json\/wp\/v2\/pages"}],"about":[{"href":"https:\/\/www.helenevonbismarck.com\/de\/wp-json\/wp\/v2\/types\/page"}],"author":[{"embeddable":true,"href":"https:\/\/www.helenevonbismarck.com\/de\/wp-json\/wp\/v2\/users\/3"}],"replies":[{"embeddable":true,"href":"https:\/\/www.helenevonbismarck.com\/de\/wp-json\/wp\/v2\/comments?post=5"}],"version-history":[{"count":8,"href":"https:\/\/www.helenevonbismarck.com\/de\/wp-json\/wp\/v2\/pages\/5\/revisions"}],"predecessor-version":[{"id":1034,"href":"https:\/\/www.helenevonbismarck.com\/de\/wp-json\/wp\/v2\/pages\/5\/revisions\/1034"}],"wp:attachment":[{"href":"https:\/\/www.helenevonbismarck.com\/de\/wp-json\/wp\/v2\/media?parent=5"}],"curies":[{"name":"wp","href":"https:\/\/api.w.org\/{rel}","templated":true}]}}