{"id":101,"date":"2017-12-05T12:32:18","date_gmt":"2017-12-05T11:32:18","guid":{"rendered":"https:\/\/www.helenevonbismarck.com\/home\/"},"modified":"2026-02-23T23:07:54","modified_gmt":"2026-02-23T22:07:54","slug":"home","status":"publish","type":"page","link":"https:\/\/www.helenevonbismarck.com\/de\/","title":{"rendered":"Home"},"content":{"rendered":"<div class=\"wpb-content-wrapper\"><p>[vc_row css_animation=&#8220;&#8220; row_type=&#8220;row&#8220; use_row_as_full_screen_section=&#8220;no&#8220; type=&#8220;full_width&#8220; angled_section=&#8220;no&#8220; text_align=&#8220;left&#8220; background_image_as_pattern=&#8220;without_pattern&#8220; z_index=&#8220;&#8220; css=&#8220;.vc_custom_1771882068657{background-color: #E2E2E2 !important;}&#8220;][vc_column css=&#8220;.vc_custom_1771881774509{padding-right: 0px !important;padding-left: 0px !important;}&#8220;][qode_elements_holder number_of_columns=&#8220;two_columns&#8220;][qode_elements_holder_item advanced_animations=&#8220;no&#8220; background_image=&#8220;981&#8243;][vc_single_image image=&#8220;1023&#8243; img_size=&#8220;full&#8220; css=&#8220;&#8220; qode_css_animation=&#8220;&#8220;][\/qode_elements_holder_item][qode_elements_holder_item vertical_alignment=&#8220;middle&#8220; horizontal_alignment=&#8220;center&#8220; advanced_animations=&#8220;no&#8220; item_padding=&#8220;50px 50px 50px 50px&#8220;][vc_column_text]<\/p>\n<h3 style=\"text-align: center;\"><em>\u201eWahres Wissen ist Wissen, warum die Dinge so sind, wie sie sind, und nicht nur, wie sie sind.\u201c <\/em><\/h3>\n<p style=\"text-align: center;\">Isaiah Berlin<\/p>\n<p>[\/vc_column_text][\/qode_elements_holder_item][\/qode_elements_holder][\/vc_column][\/vc_row][vc_row css_animation=&#8220;&#8220; row_type=&#8220;row&#8220; use_row_as_full_screen_section=&#8220;no&#8220; type=&#8220;grid&#8220; angled_section=&#8220;no&#8220; text_align=&#8220;left&#8220; background_image_as_pattern=&#8220;without_pattern&#8220; z_index=&#8220;&#8220; css=&#8220;.vc_custom_1512521212569{padding-top: 60px !important;padding-bottom: 40px !important;}&#8220;][vc_column][vc_column_text]<\/p>\n<h2 style=\"text-align: center;\">Dr. Helene von Bismarck, F.R.Hist.S.<\/h2>\n<p>[\/vc_column_text][vc_empty_space height=&#8220;10&#8243;][vc_column_text]<\/p>\n<p style=\"text-align: center;\">Helene von Bismarck ist Historikerin und Publizistin. Ihr Interesse gilt in erster Linie Gro\u00dfbritanniens Rolle in den internationalen Beziehungen des 20. und 21. Jahrhunderts. Helene von Bismarcks Interesse an der Vergangenheit bildet die Grundlage ihres Engagements f\u00fcr die Gegenwart. Sie ver\u00f6ffentlicht regelm\u00e4\u00dfig Essays zum historischen Hintergrund aktueller politischer und kultureller Entwicklungen, h\u00e4lt international Vortr\u00e4ge und arbeitet f\u00fcr Rundfunk und Fernsehen als Kommentatorin. Sie ist ein Fellow der Royal Historical Society, und Senior Associate Fellow am Royal United Services Institute (RUSI) in London.<\/p>\n<p>[\/vc_column_text][\/vc_column][\/vc_row][vc_row css_animation=&#8220;&#8220; row_type=&#8220;row&#8220; use_row_as_full_screen_section=&#8220;no&#8220; type=&#8220;grid&#8220; angled_section=&#8220;no&#8220; text_align=&#8220;left&#8220; background_image_as_pattern=&#8220;without_pattern&#8220; z_index=&#8220;&#8220; css=&#8220;.vc_custom_1512521217909{padding-top: 30px !important;padding-bottom: 40px !important;}&#8220;][vc_column][vc_basic_grid post_type=&#8220;post&#8220; max_items=&#8220;6&#8243; item=&#8220;40&#8243; grid_id=&#8220;vc_gid:1771884456281-19e544ea-ccf8-10&#8243;][\/vc_column][\/vc_row]<\/p>\n<\/div>","protected":false},"excerpt":{"rendered":"<p>[vc_row css_animation=&#8220;&#8220; row_type=&#8220;row&#8220; use_row_as_full_screen_section=&#8220;no&#8220; type=&#8220;full_width&#8220; angled_section=&#8220;no&#8220; text_align=&#8220;left&#8220; background_image_as_pattern=&#8220;without_pattern&#8220; z_index=&#8220;&#8220; css=&#8220;.vc_custom_1771882068657{background-color: #E2E2E2 !important;}&#8220;][vc_column css=&#8220;.vc_custom_1771881774509{padding-right: 0px !important;padding-left: 0px !important;}&#8220;][qode_elements_holder number_of_columns=&#8220;two_columns&#8220;][qode_elements_holder_item advanced_animations=&#8220;no&#8220; background_image=&#8220;981&#8243;][vc_single_image image=&#8220;1023&#8243; img_size=&#8220;full&#8220; css=&#8220;&#8220; qode_css_animation=&#8220;&#8220;][\/qode_elements_holder_item][qode_elements_holder_item vertical_alignment=&#8220;middle&#8220; horizontal_alignment=&#8220;center&#8220; advanced_animations=&#8220;no&#8220; item_padding=&#8220;50px 50px 50px 50px&#8220;][vc_column_text] \u201eWahres Wissen ist Wissen, warum die Dinge so sind, wie sie sind, und nicht&#8230;<\/p>\n","protected":false},"author":3,"featured_media":0,"parent":0,"menu_order":0,"comment_status":"closed","ping_status":"open","template":"full_width.php","meta":{"footnotes":""},"class_list":["post-101","page","type-page","status-publish","hentry"],"yoast_head":"<!-- This site is optimized with the Yoast SEO plugin v27.1.1 - https:\/\/yoast.com\/product\/yoast-seo-wordpress\/ -->\n<title>Home - Helene von Bismarck<\/title>\n<meta name=\"robots\" content=\"index, follow, max-snippet:-1, max-image-preview:large, max-video-preview:-1\" \/>\n<link rel=\"canonical\" href=\"https:\/\/www.helenevonbismarck.com\/de\/\" \/>\n<meta property=\"og:locale\" content=\"de_DE\" \/>\n<meta property=\"og:type\" content=\"article\" \/>\n<meta property=\"og:title\" content=\"Home - Helene von Bismarck\" \/>\n<meta property=\"og:description\" content=\"[vc_row css_animation=&#8220;&#8220; row_type=&#8220;row&#8220; use_row_as_full_screen_section=&#8220;no&#8220; type=&#8220;full_width&#8220; angled_section=&#8220;no&#8220; text_align=&#8220;left&#8220; background_image_as_pattern=&#8220;without_pattern&#8220; z_index=&#8220;&#8220; css=&#8220;.vc_custom_1771882068657{background-color: #E2E2E2 !important;}&#8220;][vc_column css=&#8220;.vc_custom_1771881774509{padding-right: 0px !important;padding-left: 0px !important;}&#8220;][qode_elements_holder number_of_columns=&#8220;two_columns&#8220;][qode_elements_holder_item advanced_animations=&#8220;no&#8220; background_image=&#8220;981&#8243;][vc_single_image image=&#8220;1023&#8243; img_size=&#8220;full&#8220; css=&#8220;&#8220; qode_css_animation=&#8220;&#8220;][\/qode_elements_holder_item][qode_elements_holder_item vertical_alignment=&#8220;middle&#8220; horizontal_alignment=&#8220;center&#8220; advanced_animations=&#8220;no&#8220; item_padding=&#8220;50px 50px 50px 50px&#8220;][vc_column_text] \u201eWahres Wissen ist Wissen, warum die Dinge so sind, wie sie sind, und nicht...\" \/>\n<meta property=\"og:url\" content=\"https:\/\/www.helenevonbismarck.com\/de\/\" \/>\n<meta property=\"og:site_name\" content=\"Helene von Bismarck\" \/>\n<meta property=\"article:modified_time\" content=\"2026-02-23T22:07:54+00:00\" \/>\n<meta name=\"twitter:card\" content=\"summary_large_image\" \/>\n<meta name=\"twitter:label1\" content=\"Gesch\u00e4tzte Lesezeit\" \/>\n\t<meta name=\"twitter:data1\" content=\"1\u00a0Minute\" \/>\n<script type=\"application\/ld+json\" class=\"yoast-schema-graph\">{\"@context\":\"https:\/\/schema.org\",\"@graph\":[{\"@type\":\"WebPage\",\"@id\":\"https:\/\/www.helenevonbismarck.com\/de\/\",\"url\":\"https:\/\/www.helenevonbismarck.com\/de\/\",\"name\":\"Home - Helene von Bismarck\",\"isPartOf\":{\"@id\":\"https:\/\/www.helenevonbismarck.com\/de\/#website\"},\"datePublished\":\"2017-12-05T11:32:18+00:00\",\"dateModified\":\"2026-02-23T22:07:54+00:00\",\"breadcrumb\":{\"@id\":\"https:\/\/www.helenevonbismarck.com\/de\/#breadcrumb\"},\"inLanguage\":\"de\",\"potentialAction\":[{\"@type\":\"ReadAction\",\"target\":[\"https:\/\/www.helenevonbismarck.com\/de\/\"]}]},{\"@type\":\"BreadcrumbList\",\"@id\":\"https:\/\/www.helenevonbismarck.com\/de\/#breadcrumb\",\"itemListElement\":[{\"@type\":\"ListItem\",\"position\":1,\"name\":\"Startseite\",\"item\":\"https:\/\/www.helenevonbismarck.com\/de\/\"},{\"@type\":\"ListItem\",\"position\":2,\"name\":\"Home\"}]},{\"@type\":\"WebSite\",\"@id\":\"https:\/\/www.helenevonbismarck.com\/de\/#website\",\"url\":\"https:\/\/www.helenevonbismarck.com\/de\/\",\"name\":\"Helene von Bismarck\",\"description\":\"Helene von Bismarck\",\"potentialAction\":[{\"@type\":\"SearchAction\",\"target\":{\"@type\":\"EntryPoint\",\"urlTemplate\":\"https:\/\/www.helenevonbismarck.com\/de\/?s={search_term_string}\"},\"query-input\":{\"@type\":\"PropertyValueSpecification\",\"valueRequired\":true,\"valueName\":\"search_term_string\"}}],\"inLanguage\":\"de\"}]}<\/script>\n<!-- \/ Yoast SEO plugin. -->","yoast_head_json":{"title":"Home - Helene von Bismarck","robots":{"index":"index","follow":"follow","max-snippet":"max-snippet:-1","max-image-preview":"max-image-preview:large","max-video-preview":"max-video-preview:-1"},"canonical":"https:\/\/www.helenevonbismarck.com\/de\/","og_locale":"de_DE","og_type":"article","og_title":"Home - Helene von Bismarck","og_description":"[vc_row css_animation=&#8220;&#8220; row_type=&#8220;row&#8220; use_row_as_full_screen_section=&#8220;no&#8220; type=&#8220;full_width&#8220; angled_section=&#8220;no&#8220; text_align=&#8220;left&#8220; background_image_as_pattern=&#8220;without_pattern&#8220; z_index=&#8220;&#8220; css=&#8220;.vc_custom_1771882068657{background-color: #E2E2E2 !important;}&#8220;][vc_column css=&#8220;.vc_custom_1771881774509{padding-right: 0px !important;padding-left: 0px !important;}&#8220;][qode_elements_holder number_of_columns=&#8220;two_columns&#8220;][qode_elements_holder_item advanced_animations=&#8220;no&#8220; background_image=&#8220;981&#8243;][vc_single_image image=&#8220;1023&#8243; img_size=&#8220;full&#8220; css=&#8220;&#8220; qode_css_animation=&#8220;&#8220;][\/qode_elements_holder_item][qode_elements_holder_item vertical_alignment=&#8220;middle&#8220; horizontal_alignment=&#8220;center&#8220; advanced_animations=&#8220;no&#8220; item_padding=&#8220;50px 50px 50px 50px&#8220;][vc_column_text] \u201eWahres Wissen ist Wissen, warum die Dinge so sind, wie sie sind, und nicht...","og_url":"https:\/\/www.helenevonbismarck.com\/de\/","og_site_name":"Helene von Bismarck","article_modified_time":"2026-02-23T22:07:54+00:00","twitter_card":"summary_large_image","twitter_misc":{"Gesch\u00e4tzte Lesezeit":"1\u00a0Minute"},"schema":{"@context":"https:\/\/schema.org","@graph":[{"@type":"WebPage","@id":"https:\/\/www.helenevonbismarck.com\/de\/","url":"https:\/\/www.helenevonbismarck.com\/de\/","name":"Home - Helene von Bismarck","isPartOf":{"@id":"https:\/\/www.helenevonbismarck.com\/de\/#website"},"datePublished":"2017-12-05T11:32:18+00:00","dateModified":"2026-02-23T22:07:54+00:00","breadcrumb":{"@id":"https:\/\/www.helenevonbismarck.com\/de\/#breadcrumb"},"inLanguage":"de","potentialAction":[{"@type":"ReadAction","target":["https:\/\/www.helenevonbismarck.com\/de\/"]}]},{"@type":"BreadcrumbList","@id":"https:\/\/www.helenevonbismarck.com\/de\/#breadcrumb","itemListElement":[{"@type":"ListItem","position":1,"name":"Startseite","item":"https:\/\/www.helenevonbismarck.com\/de\/"},{"@type":"ListItem","position":2,"name":"Home"}]},{"@type":"WebSite","@id":"https:\/\/www.helenevonbismarck.com\/de\/#website","url":"https:\/\/www.helenevonbismarck.com\/de\/","name":"Helene von Bismarck","description":"Helene von Bismarck","potentialAction":[{"@type":"SearchAction","target":{"@type":"EntryPoint","urlTemplate":"https:\/\/www.helenevonbismarck.com\/de\/?s={search_term_string}"},"query-input":{"@type":"PropertyValueSpecification","valueRequired":true,"valueName":"search_term_string"}}],"inLanguage":"de"}]}},"_links":{"self":[{"href":"https:\/\/www.helenevonbismarck.com\/de\/wp-json\/wp\/v2\/pages\/101","targetHints":{"allow":["GET"]}}],"collection":[{"href":"https:\/\/www.helenevonbismarck.com\/de\/wp-json\/wp\/v2\/pages"}],"about":[{"href":"https:\/\/www.helenevonbismarck.com\/de\/wp-json\/wp\/v2\/types\/page"}],"author":[{"embeddable":true,"href":"https:\/\/www.helenevonbismarck.com\/de\/wp-json\/wp\/v2\/users\/3"}],"replies":[{"embeddable":true,"href":"https:\/\/www.helenevonbismarck.com\/de\/wp-json\/wp\/v2\/comments?post=101"}],"version-history":[{"count":5,"href":"https:\/\/www.helenevonbismarck.com\/de\/wp-json\/wp\/v2\/pages\/101\/revisions"}],"predecessor-version":[{"id":1026,"href":"https:\/\/www.helenevonbismarck.com\/de\/wp-json\/wp\/v2\/pages\/101\/revisions\/1026"}],"wp:attachment":[{"href":"https:\/\/www.helenevonbismarck.com\/de\/wp-json\/wp\/v2\/media?parent=101"}],"curies":[{"name":"wp","href":"https:\/\/api.w.org\/{rel}","templated":true}]}}